{"id":56,"date":"2015-01-11T15:24:09","date_gmt":"2015-01-11T15:24:09","guid":{"rendered":"http:\/\/www.andreozzi.catania.it\/sito\/?page_id=56"},"modified":"2015-02-09T16:04:39","modified_gmt":"2015-02-09T15:04:39","slug":"dedica-e-premessa","status":"publish","type":"page","link":"https:\/\/www.andreozzi.eu\/andreozzicatania\/una-bella-storia\/dedica-e-premessa\/","title":{"rendered":"Dedica e premessa"},"content":{"rendered":"<div class=\"paragraph paragraph_style_2\" style=\"text-align: justify;\"><em><span class=\"style_3\"><strong>Premessa<\/strong><br \/>\n<\/span><\/em><\/div>\n<p class=\"paragraph_style_3\" style=\"text-align: justify;\"><em><span class=\"style_4\">Non ricordo in quale casa, non ricordo in quale stanza, noi cugini Andreozzi siamo seduti gli uni di <a href=\"http:\/\/www.andreozzi.catania.it\/sito\/wp-content\/uploads\/2015\/01\/Luigi-Dedica-2.jpg\"><img decoding=\"async\" loading=\"lazy\" class=\"alignright size-medium wp-image-57\" src=\"http:\/\/www.andreozzi.catania.it\/sito\/wp-content\/uploads\/2015\/01\/Luigi-Dedica-2-300x232.jpg\" alt=\"Luigi Dedica 2\" width=\"300\" height=\"232\" srcset=\"https:\/\/www.andreozzi.eu\/andreozzicatania\/wp-content\/uploads\/2015\/01\/Luigi-Dedica-2-300x232.jpg 300w, https:\/\/www.andreozzi.eu\/andreozzicatania\/wp-content\/uploads\/2015\/01\/Luigi-Dedica-2.jpg 354w\" sizes=\"(max-width: 300px) 100vw, 300px\" \/><\/a>fronte agli altri. Si parla del pi\u00f9 e del meno, dei tempi che furono paragonandoli ai presenti. Non riusciamo a stabilire se quelli erano migliori di questi o sono questi migliori di quelli. Si rievocano le abitudini dei nostri padri e delle nostre madri. Oggi loro non sono pi\u00f9 con noi, ma costituiscono la nostra memoria, i ricordi della nostra famiglia.<br \/>\n<\/span><\/em><\/p>\n<p class=\"paragraph_style_3\" style=\"text-align: justify;\"><em><span class=\"style_4\">La mia mente s&#8217;estranea dai discorsi intrapresi. Vado indietro nel tempo. Affiorano avvenimenti che gli altri non possono ricordare perch\u00e9 non li hanno vissuti in quanto nati anni dopo. Gi\u00e0, sono il pi\u00f9 vecchio di loro, quello che pu\u00f2 ricordare il maggior numero di avvenimenti accaduti nell\u2019ambito della famiglia. Ritorno in me, riprendo a partecipare alla discussione. Ma mi estraneo d&#8217;accapo. Penso che fra tutti i cugini maschi Andreozzi soltanto Gigi ha avuto una discendenza maschile. E se la tradizione del tramandare il cognome attraverso i maschi non cambier\u00e0 la famiglia sar\u00e0 destinata ad estinguersi. Solo Niki, il figlio di Gigi, allo stato attuale, ha la possibilit\u00e0 di proseguire la &#8220;dinastia&#8221;.<br \/>\n<\/span><\/em><\/p>\n<p class=\"paragraph_style_3\" style=\"text-align: justify;\"><em><span class=\"style_4\">La mia mente torna indietro nel tempo, rivedo la casa di piazza San Francesco d&#8217;Assisi, il nonno Luigi che, in estate, seduto sul balcone della sua camera prendeva il fresco. Rivedo la zia Giovannina, &#8220;a &#8216;za monaca&#8221;, che scendeva le scale dell\u2019 &#8216;ammezzato, dove era la sua camera, e raggiungeva la cucina, vestita con l&#8217;abito marrone ed il cordone bianco da devota della Madonna del Carmelo. Ricordo la nonna Nunziata ai fornelli a cucinare lo stufato per preparare i peperoni ripieni.<br \/>\n<\/span><\/em><\/p>\n<p class=\"paragraph_style_3\" style=\"text-align: justify;\"><em><span class=\"style_4\">E allora perch\u00e9 non trascrivere gli avvenimenti salienti della nostra famiglia? Spero che le mie figlie, i nostri figli avranno interesse a documentarsi sull&#8217;origine della nostra famiglia, e i figli dei nostri figli vorranno fare altrettanto.<br \/>\n<\/span><\/em><\/p>\n<p class=\"paragraph_style_3\" style=\"text-align: justify;\"><em><span class=\"style_4\">Mi piace, mi alletta, il cimentarmi in una ricostruzione che cerco di trascrivere quanto pi\u00f9 fedelmente possibile. Ho svolto ricerche dirette a Casandrino e a Resina e mi \u00e8 stato di aiuto il diario dello zio Maurizio. Egli lo inizi\u00f2 a scrivere nel 1936 riportando anche avvenimenti di anni precedenti e si interrompe dal 1940 al <\/span><span class=\"style_5\">1946, <\/span><span class=\"style_4\">anni di guerra e di prigionia.<br \/>\n<\/span><\/em><\/p>\n<p class=\"paragraph_style_3\" style=\"text-align: justify;\"><em><span class=\"style_4\">Le pagine che seguono invece si fermano alla terza generazione. Dopo sono riportati solo gli alberi genealogici di tutti noi e dei nostri discendenti, alberi che, nel futuro, potranno essere sempre aggiornati.<br \/>\n<\/span><\/em><\/p>\n<p class=\"paragraph_style_3\" style=\"text-align: justify;\"><em><span class=\"style_4\">Dedico alla memoria di tutti i nostri cari ed in particolar modo allo zio Maurizio, mio padrino di cresima, queste pagine. Nella speranza che anche i nostri figli ed i figli dei nostri figli possano provare interesse per le origini della nostra famiglia. Nel contempo auguro a chi \u00e8 nella possibilit\u00e0 di farlo di provare a far si che la stirpe possa continuare.- &#8220;forza Niki <\/span><span class=\"style_5\">!!!&#8221;.<\/span><\/em><\/p>\n","protected":false},"excerpt":{"rendered":"<p>Premessa Non ricordo in quale casa, non ricordo in quale stanza, noi cugini Andreozzi siamo seduti gli uni di fronte agli altri. Si parla del pi\u00f9 e del meno, dei tempi che furono paragonandoli ai presenti. Non riusciamo a stabilire se quelli erano migliori di questi o sono questi migliori di quelli. Si rievocano le &hellip; <\/p>\n<p><a class=\"more-link block-button\" href=\"https:\/\/www.andreozzi.eu\/andreozzicatania\/una-bella-storia\/dedica-e-premessa\/\">Continua a leggere &raquo;<\/a><\/p>\n","protected":false},"author":1,"featured_media":0,"parent":8,"menu_order":0,"comment_status":"closed","ping_status":"open","template":"","meta":[],"_links":{"self":[{"href":"https:\/\/www.andreozzi.eu\/andreozzicatania\/wp-json\/wp\/v2\/pages\/56"}],"collection":[{"href":"https:\/\/www.andreozzi.eu\/andreozzicatania\/wp-json\/wp\/v2\/pages"}],"about":[{"href":"https:\/\/www.andreozzi.eu\/andreozzicatania\/wp-json\/wp\/v2\/types\/page"}],"author":[{"embeddable":true,"href":"https:\/\/www.andreozzi.eu\/andreozzicatania\/wp-json\/wp\/v2\/users\/1"}],"replies":[{"embeddable":true,"href":"https:\/\/www.andreozzi.eu\/andreozzicatania\/wp-json\/wp\/v2\/comments?post=56"}],"version-history":[{"count":1,"href":"https:\/\/www.andreozzi.eu\/andreozzicatania\/wp-json\/wp\/v2\/pages\/56\/revisions"}],"predecessor-version":[{"id":58,"href":"https:\/\/www.andreozzi.eu\/andreozzicatania\/wp-json\/wp\/v2\/pages\/56\/revisions\/58"}],"up":[{"embeddable":true,"href":"https:\/\/www.andreozzi.eu\/andreozzicatania\/wp-json\/wp\/v2\/pages\/8"}],"wp:attachment":[{"href":"https:\/\/www.andreozzi.eu\/andreozzicatania\/wp-json\/wp\/v2\/media?parent=56"}],"curies":[{"name":"wp","href":"https:\/\/api.w.org\/{rel}","templated":true}]}}