{"id":37,"date":"2015-01-09T21:48:05","date_gmt":"2015-01-09T21:48:05","guid":{"rendered":"http:\/\/www.andreozzi.catania.it\/sito\/?page_id=37"},"modified":"2015-02-09T16:04:39","modified_gmt":"2015-02-09T15:04:39","slug":"patronimica","status":"publish","type":"page","link":"https:\/\/www.andreozzi.eu\/andreozzicatania\/home\/patronimica\/","title":{"rendered":"PATRONIMICA"},"content":{"rendered":"<div id=\"body_layer\">\n<div class=\"style_SkipStroke shape-with-text flowDefining\">\n<div class=\"text-content style_External_630_819\">\n<div class=\"style\">\n<p class=\"paragraph_style\"><span class=\"style_1\">La derivazione patronimica.<br \/>\n<\/span><\/p>\n<p class=\"paragraph_style_1\"><span class=\"style_2\">Il nome Andreozzi ha origini remote. La sua origine come derivato da una radice patronimica, cio\u00e8 del patriarca, proviene da Andrea, dalla derivazione greca Andreas, da andr\u00f2s, che significa &#8220;uomo&#8221; o da andr\u00e9ia che vuoI dire &#8220;coraggio&#8221;. Per cui gli Andreozzi sono uomini coraggiosi, ardimentosi, intrepidi e scusate se \u00e8 poco.<br \/>\n<\/span><\/p>\n<p class=\"paragraph_style_1\"><span class=\"style_2\">Nel culto cristiano Andrea \u00e8 l&#8217;apostolo di Ges\u00f9 di Nazareth, fratello di Pietro figlio di Iona e come lui pescatore. Fa parte, con Pietro, Giacomo e Giovanni, del gruppo ristretto di apostoli a cui si rivolge Ges\u00f9 nel gran discorso escatologico di Gerusalemme. Nel suo peregrinare per divulgare la parola del Signore passa attraverso l&#8217;Asia Minore, a Bisanzio, e infine in Grecia, dove a Patrasso fu martirizzato, crocifisso su di una croce a forma di X, che prese proprio dal Santo il nome <\/span><span class=\"style_3\">&#8220;Croce di <\/span><span class=\"style_2\">S. <\/span><span class=\"style_3\">Andrea&#8221;.<br \/>\n<\/span><\/p>\n<p class=\"paragraph_style_1\"><span class=\"style_2\">In Scozia e in Russia il culto di Sant&#8217;Andrea \u00e9 molto diffuso ed esistono molti cognomi la cui radice risale ad Andrea: Andrews, Andr\u00e8e, Andreescu, Andreev. In Russia Pietro il Grande fond\u00f2 l&#8217;ordine cavalleresco di S. Andrea col motto S.A.P.R. (Sanctus Andreas Protector Russiae).<br \/>\n<\/span><\/p>\n<p class=\"paragraph_style_2\"><span class=\"style_2\">L&#8217;uso di tramandare i cognomi si diffuse, intorno al decimo secolo, presso le famiglie veneziane e, gradualmente, in tutto il paese iniziando dal nord e interessando successivamente anche il meridione.<br \/>\n<\/span><\/p>\n<p class=\"paragraph_style_2\"><span class=\"style_2\">Dalla radice Andrea derivano i cognomi di Andreano o Andreani, Andreini, D&#8217;Andrea, Andreassi, Andreoli, Andreoni fino a giugere ad Andreossi o Andreossy, Andreotti ed infine ad Andreozzi.<br \/>\n<\/span><\/p>\n<p class=\"paragraph_style_3\"><span class=\"style_2\">Questi ultimi cognomi Andreoni, Andreossi e Andreossy, Andreotti, differiscono da Andreozzi per consonanti e\/o vocali.<br \/>\n<\/span><\/p>\n<p class=\"paragraph_style_2\"><span class=\"style_2\">La trascrizione di documenti ed atti, specificatamente quelli pubblici ed in particolare quelli dell&#8217;anagrafe, fmo a qualche tempo fa erano redatti manualmente con puro carattere calligrafico per cui era facile confondere le due gambe della &#8220;n&#8221; con una doppia \u201cesse\u201d, a sua volta confondibile con la doppia &#8220;effe&#8221; o doppia &#8220;zeta&#8221;. Anche foneticamente l&#8217;assonanza di un cognome con un altro era causa di cambiamento o storpiamento di un cognome.<br \/>\n<\/span><\/p>\n<p class=\"paragraph_style_2\"><span class=\"style_2\">Andreossi e Andreossy, la cui fonetica \u00e8 identica, sono cognomi appartenuti a due personaggi, il secondo discendente dal primo, nati in Francia e la cui origine faceva capo agli Andreoni, famiglia italiana lucchese della quale Giovanni Antonimo, gesuita, nato a Lucca nel 1650 e morto nel 1716, \u00e9 l\u2019espressione pi\u00f9 nota.<br \/>\n<\/span><\/p>\n<p class=\"paragraph_style_2\"><span class=\"style_2\">I due cognomi francesi Andreossi e Andreossy sono differenti per la grafia dell&#8217;ultima vocale e, per assonanza fonetica, somigliano ad Andreozzi: le due &#8220;s&#8221; potrebbero confondersi per due \u201cz\u201d.<br \/>\n<\/span><\/p>\n<p class=\"paragraph_style_2\"><span class=\"style_2\">La differenza di una vocale o di una consonante per una cattiva lettura, una sbagliata interpretazione o un\u2019inesatta trascrizione, pu\u00f2 far pensare ad una discendenza, diretta o indiretta, in tal senso.<br \/>\n<\/span><\/p>\n<p class=\"paragraph_style_2\"><span class=\"style_2\">Non \u00e8 da escludere, in conseguenza, che il nome Andreozzi discenda da quel Fran\u00e7ois Andreossi, ingegnere francesce, di cui le cronache parlano nel secolo XVII.<br \/>\n<\/span><\/p>\n<p class=\"paragraph_style_4\"><span class=\"style_2\">da <\/span><span class=\"style_3\">Una bella storia, la mia storia (Luigi Andreozzi, 1999)<\/span><span class=\"style_4\"><br \/>\n<\/span><\/p>\n<\/div>\n<div class=\"tinyText\"><\/div>\n<\/div>\n<\/div>\n<div id=\"id1\" class=\"style_SkipStroke_1 shape-with-text\">\n<div class=\"text-content graphic_shape_layout_style_default_External_630_49\">\n<div class=\"graphic_shape_layout_style_default\">\n<p class=\"Title\">Patronimica<\/p>\n<\/div>\n<\/div>\n<\/div>\n<div class=\"tinyText\">\n<div><img decoding=\"async\" src=\"http:\/\/www.andreozzi.catania.it\/www.andreozzi.catania.it\/PATRONIMICA_files\/shapeimage_1.jpg\" alt=\"\" \/><\/div>\n<\/div>\n<div class=\"spacer\"><\/div>\n<\/div>\n<div id=\"footer_layer\">\n<div class=\"bumper\"><\/div>\n<\/div>\n","protected":false},"excerpt":{"rendered":"<p>La derivazione patronimica. Il nome Andreozzi ha origini remote. La sua origine come derivato da una radice patronimica, cio\u00e8 del patriarca, proviene da Andrea, dalla derivazione greca Andreas, da andr\u00f2s, che significa &#8220;uomo&#8221; o da andr\u00e9ia che vuoI dire &#8220;coraggio&#8221;. Per cui gli Andreozzi sono uomini coraggiosi, ardimentosi, intrepidi e scusate se \u00e8 poco. Nel &hellip; <\/p>\n<p><a class=\"more-link block-button\" href=\"https:\/\/www.andreozzi.eu\/andreozzicatania\/home\/patronimica\/\">Continua a leggere &raquo;<\/a><\/p>\n","protected":false},"author":1,"featured_media":0,"parent":6,"menu_order":1,"comment_status":"closed","ping_status":"closed","template":"","meta":[],"_links":{"self":[{"href":"https:\/\/www.andreozzi.eu\/andreozzicatania\/wp-json\/wp\/v2\/pages\/37"}],"collection":[{"href":"https:\/\/www.andreozzi.eu\/andreozzicatania\/wp-json\/wp\/v2\/pages"}],"about":[{"href":"https:\/\/www.andreozzi.eu\/andreozzicatania\/wp-json\/wp\/v2\/types\/page"}],"author":[{"embeddable":true,"href":"https:\/\/www.andreozzi.eu\/andreozzicatania\/wp-json\/wp\/v2\/users\/1"}],"replies":[{"embeddable":true,"href":"https:\/\/www.andreozzi.eu\/andreozzicatania\/wp-json\/wp\/v2\/comments?post=37"}],"version-history":[{"count":1,"href":"https:\/\/www.andreozzi.eu\/andreozzicatania\/wp-json\/wp\/v2\/pages\/37\/revisions"}],"predecessor-version":[{"id":38,"href":"https:\/\/www.andreozzi.eu\/andreozzicatania\/wp-json\/wp\/v2\/pages\/37\/revisions\/38"}],"up":[{"embeddable":true,"href":"https:\/\/www.andreozzi.eu\/andreozzicatania\/wp-json\/wp\/v2\/pages\/6"}],"wp:attachment":[{"href":"https:\/\/www.andreozzi.eu\/andreozzicatania\/wp-json\/wp\/v2\/media?parent=37"}],"curies":[{"name":"wp","href":"https:\/\/api.w.org\/{rel}","templated":true}]}}