{"id":193,"date":"2015-02-05T17:31:33","date_gmt":"2015-02-05T17:31:33","guid":{"rendered":"http:\/\/www.andreozzi.catania.it\/sito\/?page_id=193"},"modified":"2023-05-23T12:38:11","modified_gmt":"2023-05-23T11:38:11","slug":"giuseppe-maria-andreozzi","status":"publish","type":"page","link":"https:\/\/www.andreozzi.eu\/andreozzicatania\/andreozzi-fava\/giuseppe-maria-andreozzi\/","title":{"rendered":"Giuseppe Maria Andreozzi"},"content":{"rendered":"<p style=\"text-align: justify;\"><a href=\"http:\/\/wwww.andreozzi.eu\/andreozzicatania\/wp-content\/uploads\/2015\/02\/GMA-AAA.jpg\"><img decoding=\"async\" loading=\"lazy\" class=\"alignleft size-full wp-image-195\" src=\"http:\/\/www.andreozzi.eu\/andreozzicatania\/wp-content\/uploads\/2015\/02\/GMA-AAA.jpg\" alt=\"GMA AAA\" width=\"209\" height=\"214\"><\/a>&nbsp; &nbsp; &nbsp;1970 &#8211; Laurea in Medicina e Chirurgia<\/p>\n<p style=\"text-align: justify;\">1973 &#8211; Specializzazione in Malattie dell\u2019Apparato<\/p>\n<p style=\"text-align: justify;\">Cardiovascolare<\/p>\n<p style=\"text-align: justify;\">1979 &#8211; Specializzazione in Medicina Interna<\/p>\n<p style=\"text-align: justify;\">1982 &#8211; Professore Associato di ANGIOLOGIA nella<\/p>\n<p style=\"text-align: justify;\">Universit\u00e0 di Catania, Titolare della Cattedra di<\/p>\n<p style=\"text-align: justify;\">ANGIOLOGIA sino al 1997<\/p>\n<p style=\"text-align: justify;\">1997 &#8211; Direttore della Unit\u00e0 Operativa Complessa di<\/p>\n<p style=\"text-align: justify;\">ANGIOLOGIA (Azienda Ospedaliera-Universit\u00e0)<\/p>\n<p style=\"text-align: justify;\">di Padova<\/p>\n<p style=\"text-align: justify;\">1997 &#8211; Professore a Contratto di ANGIOLOGIA presso le Scuole di Specializzazione in Angiologia Medica e Chirurgia Vascolare dell\u2019Universit\u00e0 di Padova, e la Scuola di Specializzazione in Dermatologia dell\u2019Universit\u00e0 di Trieste<\/p>\n<p style=\"text-align: justify;\">1990 &#8211; Gran Croce al Merito per la Sanit\u00e0<\/p>\n<p style=\"text-align: justify;\">1999 &#8211; Benemerito della \u201cWHO IS WHO\u201d (chi \u00e8 nel mondo)<\/p>\n<p style=\"text-align: justify;\">1994-1995 Presidente della Societ\u00e0 Italiana di Microcircolazione<\/p>\n<p style=\"text-align: justify;\">2000-2002 Presidente della Societ\u00e0 Italiana di Angiologia e Patologia Vascolare<\/p>\n<p style=\"text-align: justify;\">2006 &#8211; Socio Onorario della Czeck Society of Angiology<\/p>\n<p style=\"text-align: justify;\">2006 &#8211; Socio Onorario della Romanian Society of Phlebology<\/p>\n<p style=\"text-align: justify;\">2009-2011 Presidente della Societ\u00e0 Italiana di Angiologia e Patologia Vascolarewww.angio-pd.it<\/p>\n<p style=\"text-align: center;\"><span style=\"color: #ff0000;\">Nel 2005 ha pubblicato in edizione limitata<\/span><\/p>\n<p><a title=\"A Cavallo di due secoli\" href=\"http:\/\/www.andreozzi.eu\/andreozzicatania\/a-cavallo-di-due-secoli\/\"><img decoding=\"async\" loading=\"lazy\" class=\"aligncenter wp-image-194 size-full\" src=\"http:\/\/www.andreozzi.eu\/andreozzicatania\/wp-content\/uploads\/2015\/02\/copertina-libro-002.jpg\" alt=\"copertina libro 002\" width=\"271\" height=\"394\" srcset=\"https:\/\/www.andreozzi.eu\/andreozzicatania\/wp-content\/uploads\/2015\/02\/copertina-libro-002.jpg 271w, https:\/\/www.andreozzi.eu\/andreozzicatania\/wp-content\/uploads\/2015\/02\/copertina-libro-002-206x300.jpg 206w\" sizes=\"(max-width: 271px) 100vw, 271px\" \/><\/a><\/p>\n","protected":false},"excerpt":{"rendered":"<p>&nbsp; &nbsp; &nbsp;1970 &#8211; Laurea in Medicina e Chirurgia 1973 &#8211; Specializzazione in Malattie dell\u2019Apparato Cardiovascolare 1979 &#8211; Specializzazione in Medicina Interna 1982 &#8211; Professore Associato di ANGIOLOGIA nella Universit\u00e0 di Catania, Titolare della Cattedra di ANGIOLOGIA sino al 1997 1997 &#8211; Direttore della Unit\u00e0 Operativa Complessa di ANGIOLOGIA (Azienda Ospedaliera-Universit\u00e0) di Padova 1997 &#8211; &hellip; <\/p>\n<p><a class=\"more-link block-button\" href=\"https:\/\/www.andreozzi.eu\/andreozzicatania\/andreozzi-fava\/giuseppe-maria-andreozzi\/\">Continua a leggere &raquo;<\/a><\/p>\n","protected":false},"author":1,"featured_media":0,"parent":21,"menu_order":0,"comment_status":"closed","ping_status":"open","template":"","meta":[],"_links":{"self":[{"href":"https:\/\/www.andreozzi.eu\/andreozzicatania\/wp-json\/wp\/v2\/pages\/193"}],"collection":[{"href":"https:\/\/www.andreozzi.eu\/andreozzicatania\/wp-json\/wp\/v2\/pages"}],"about":[{"href":"https:\/\/www.andreozzi.eu\/andreozzicatania\/wp-json\/wp\/v2\/types\/page"}],"author":[{"embeddable":true,"href":"https:\/\/www.andreozzi.eu\/andreozzicatania\/wp-json\/wp\/v2\/users\/1"}],"replies":[{"embeddable":true,"href":"https:\/\/www.andreozzi.eu\/andreozzicatania\/wp-json\/wp\/v2\/comments?post=193"}],"version-history":[{"count":5,"href":"https:\/\/www.andreozzi.eu\/andreozzicatania\/wp-json\/wp\/v2\/pages\/193\/revisions"}],"predecessor-version":[{"id":418,"href":"https:\/\/www.andreozzi.eu\/andreozzicatania\/wp-json\/wp\/v2\/pages\/193\/revisions\/418"}],"up":[{"embeddable":true,"href":"https:\/\/www.andreozzi.eu\/andreozzicatania\/wp-json\/wp\/v2\/pages\/21"}],"wp:attachment":[{"href":"https:\/\/www.andreozzi.eu\/andreozzicatania\/wp-json\/wp\/v2\/media?parent=193"}],"curies":[{"name":"wp","href":"https:\/\/api.w.org\/{rel}","templated":true}]}}