{"id":17,"date":"2015-01-09T21:35:57","date_gmt":"2015-01-09T21:35:57","guid":{"rendered":"http:\/\/www.andreozzi.catania.it\/sito\/?page_id=17"},"modified":"2023-05-23T12:36:47","modified_gmt":"2023-05-23T11:36:47","slug":"luigi-andreozzi","status":"publish","type":"page","link":"https:\/\/www.andreozzi.eu\/andreozzicatania\/luigi-andreozzi\/","title":{"rendered":"Luigi Andreozzi"},"content":{"rendered":"<table border=\"0\" width=\"100%\" cellspacing=\"0\" cellpadding=\"0\" align=\"center\">\n<tbody>\n<tr>\n<td><a title=\"Libri\" href=\"http:\/\/www.andreozzi.eu\/andreozzicatania\/luigi-andreozzi\/libri\/\"><span style=\"color: #ff0000;\"><strong>LIBRI<\/strong><\/span><\/a><\/td>\n<td><span style=\"color: #ff0000;\"><strong>&nbsp;<\/strong><\/span><\/td>\n<\/tr>\n<tr>\n<td><a title=\"Pubblicazioni\" href=\"http:\/\/www.andreozzi.eu\/andreozzicatania\/luigi-andreozzi\/pubblicazioni\/\"><span style=\"color: #ff0000;\"><strong>&nbsp;PUBBLICAZIONI<\/strong><\/span><\/a><\/td>\n<td style=\"text-align: right;\"><a title=\"Ricordi di Luigi Andreozzi\" href=\"http:\/\/www.andreozzi.eu\/andreozzicatania\/luigi-andreozzi\/ricordi-di-luigi-andreozzi\/\"><span style=\"color: #ff0000;\"><strong>Ricordi di Luigi Andreozzi<\/strong><\/span><\/a><\/td>\n<\/tr>\n<\/tbody>\n<\/table>\n<p><strong><span style=\"color: #0000ff;\">Laboratorio di Fotogrammetria Luigi Andreozzi<\/span><\/strong><\/p>\n<p><strong><span style=\"color: #0000ff;\">22 Dicembre 2008<\/span><\/strong><\/p>\n<p style=\"text-align: justify;\"><a href=\"http:\/\/www.andreozzi.catania.it\/sito\/wp-content\/uploads\/2015\/01\/LUIGI-BEST-PHOTO-001.jpg\"><img decoding=\"async\" loading=\"lazy\" class=\"alignleft size-full wp-image-135\" src=\"http:\/\/www.andreozzi.catania.it\/sito\/wp-content\/uploads\/2015\/01\/LUIGI-BEST-PHOTO-001.jpg\" alt=\"LUIGI BEST PHOTO 001\" width=\"317\" height=\"484\" srcset=\"https:\/\/www.andreozzi.eu\/andreozzicatania\/wp-content\/uploads\/2015\/01\/LUIGI-BEST-PHOTO-001.jpg 317w, https:\/\/www.andreozzi.eu\/andreozzicatania\/wp-content\/uploads\/2015\/01\/LUIGI-BEST-PHOTO-001-196x300.jpg 196w\" sizes=\"(max-width: 317px) 100vw, 317px\" \/><\/a>Luigi Andreozzi inizia la carriera universitaria come <em><strong>assistente volontario&nbsp;<\/strong><\/em>nel 1968 subito dopo la laurea in Ingegneria Edile. Dopo qualche anno \u00e8 nominato assistente incaricato e nel 1972 \u00e8 inquadrato nel ruolo di <em><strong>assistente ordinario<\/strong><\/em>. Dal 1975 \u00e8 stato incaricato dell\u2019<em><strong>insegnamento di Disegno<\/strong><\/em> (per civili) che mantiene sino al 1982.<\/p>\n<p style=\"text-align: justify;\"><em><strong>Professore incaricato stabilizzato<\/strong><\/em> dal 1978, nel 1981 partecipa alla prima tornata di giudizio di idoneit\u00e0 a Professore Associato.<\/p>\n<p style=\"text-align: justify;\">Dal 1982 \u00e8 <em><strong>Professore Associato di Disegno<\/strong><\/em>.<\/p>\n<p style=\"text-align: justify;\">Nel 1979 istituisce il <em><strong>Laboratorio di Fotogrammetria Architettonica e Rilievo<\/strong><\/em>, presso il Dipartimento di<br \/>\nArchitettura e Urbanistica (D.A.U.) della Facolt\u00e0 di Ingegneria dell\u2019Universit\u00e0 di Catania.<\/p>\n<p style=\"text-align: justify;\">Negli anni successivi aderisce al <em><strong>Centro di ricerca sulle cause di degrado dei beni culturali e monumentali<\/strong><\/em>, ed alla Unione Italiana per il Disegno (U.I.D.).<\/p>\n<p style=\"text-align: justify;\">Oltre che ad un impegno didattico molto apprezzato dagli studenti, dedica molte energie alla valorizzazione ed alla crescita del Laboratorio da lui fondato, dotandolo delle pi\u00f9 moderne tecnologie di rilevamento dei monumenti.<a href=\"http:\/\/www.andreozzi.eu\/andreozzicatania\/wp-content\/uploads\/2015\/01\/LOGO-DAU-SITO-.jpg\"><img decoding=\"async\" loading=\"lazy\" class=\"alignleft wp-image-136 size-full\" src=\"http:\/\/www.andreozzi.eu\/andreozzicatania\/wp-content\/uploads\/2015\/01\/LOGO-DAU-SITO-.jpg\" alt=\"LOGO DAU SITO\" width=\"372\" height=\"97\" srcset=\"https:\/\/www.andreozzi.eu\/andreozzicatania\/wp-content\/uploads\/2015\/01\/LOGO-DAU-SITO-.jpg 372w, https:\/\/www.andreozzi.eu\/andreozzicatania\/wp-content\/uploads\/2015\/01\/LOGO-DAU-SITO--300x78.jpg 300w\" sizes=\"(max-width: 372px) 100vw, 372px\" \/><\/a><\/p>\n<p style=\"text-align: justify;\">\u00c8 stato, insieme agli affezionati allievi, tra i primi in Italia ad utilizzare la fotogrammetria digitale e la moderna tecnica del Laser Scanner 3D. Ha partecipato a numerosi convegni nazionali ed internazionali presentando originali contributi nel campo del rilevamento architettonico ed archeologico.<\/p>\n<p style=\"text-align: justify;\">Nel 2004 partecipa al concorso di Professore di Ia fascia in DISEGNO (S.D.ICAR 17), risultandone vincitore. Nel febbraio 2005 prende servizio come <em><strong>Professore Straordinario<\/strong><\/em> presso la facolt\u00e0 di Ingegneria dell\u2019Universit\u00e0 di Catania, Dipartimento di Architettura e Urbanistica (DAU). Nel febbraio 2008 \u00e8 nominato <em><strong>Professore Ordinario<\/strong><\/em>.<\/p>\n<p style=\"text-align: justify;\">Autore di un\u2019intensa attivit\u00e0 scientifica, scompare il 13 Luglio 2008, lasciando in un vuoto incolmabile la moglie adorata, le dilette figlie, e gli allievi, con i quali sino a qualche giorno prima ha lavorato ad un importante progetto di ricerca in Siria. Nell\u2019ottobre 2008, il testo cui lavor\u00f2 sino all\u2019ultimo \u00e8 stato letto integralmente al convegno internazionale al quale non ha potuto partecipare.<\/p>\n<p style=\"text-align: justify;\">Il 22 Dicembre 2008, il D.A.U. gli ha intitolato il Laboratori di Fotogrammetria da lui creato.<a href=\"http:\/\/www.andreozzi.eu\/andreozzicatania\/wp-content\/uploads\/2015\/01\/081222-DAU-LUIGI-005.jpg\"><img decoding=\"async\" loading=\"lazy\" class=\"alignleft wp-image-137 size-full\" src=\"http:\/\/www.andreozzi.eu\/andreozzicatania\/wp-content\/uploads\/2015\/01\/081222-Targa-LUIGI-DUE-.jpg\" alt=\"081222 Targa LUIGI DUE\" width=\"235\" height=\"240\"><img decoding=\"async\" loading=\"lazy\" class=\"alignleft size-full wp-image-138\" src=\"http:\/\/www.andreozzi.eu\/andreozzicatania\/wp-content\/uploads\/2015\/01\/081222-DAU-LUIGI-005.jpg\" alt=\"081222 DAU LUIGI 005\" width=\"300\" height=\"226\"><\/a><\/p>\n","protected":false},"excerpt":{"rendered":"<p>LIBRI &nbsp; &nbsp;PUBBLICAZIONI Ricordi di Luigi Andreozzi Laboratorio di Fotogrammetria Luigi Andreozzi 22 Dicembre 2008 Luigi Andreozzi inizia la carriera universitaria come assistente volontario&nbsp;nel 1968 subito dopo la laurea in Ingegneria Edile. Dopo qualche anno \u00e8 nominato assistente incaricato e nel 1972 \u00e8 inquadrato nel ruolo di assistente ordinario. Dal 1975 \u00e8 stato incaricato dell\u2019insegnamento &hellip; <\/p>\n<p><a class=\"more-link block-button\" href=\"https:\/\/www.andreozzi.eu\/andreozzicatania\/luigi-andreozzi\/\">Continua a leggere &raquo;<\/a><\/p>\n","protected":false},"author":1,"featured_media":0,"parent":0,"menu_order":5,"comment_status":"closed","ping_status":"open","template":"","meta":[],"_links":{"self":[{"href":"https:\/\/www.andreozzi.eu\/andreozzicatania\/wp-json\/wp\/v2\/pages\/17"}],"collection":[{"href":"https:\/\/www.andreozzi.eu\/andreozzicatania\/wp-json\/wp\/v2\/pages"}],"about":[{"href":"https:\/\/www.andreozzi.eu\/andreozzicatania\/wp-json\/wp\/v2\/types\/page"}],"author":[{"embeddable":true,"href":"https:\/\/www.andreozzi.eu\/andreozzicatania\/wp-json\/wp\/v2\/users\/1"}],"replies":[{"embeddable":true,"href":"https:\/\/www.andreozzi.eu\/andreozzicatania\/wp-json\/wp\/v2\/comments?post=17"}],"version-history":[{"count":9,"href":"https:\/\/www.andreozzi.eu\/andreozzicatania\/wp-json\/wp\/v2\/pages\/17\/revisions"}],"predecessor-version":[{"id":416,"href":"https:\/\/www.andreozzi.eu\/andreozzicatania\/wp-json\/wp\/v2\/pages\/17\/revisions\/416"}],"wp:attachment":[{"href":"https:\/\/www.andreozzi.eu\/andreozzicatania\/wp-json\/wp\/v2\/media?parent=17"}],"curies":[{"name":"wp","href":"https:\/\/api.w.org\/{rel}","templated":true}]}}