{"id":10,"date":"2015-01-09T21:34:07","date_gmt":"2015-01-09T21:34:07","guid":{"rendered":"http:\/\/www.andreozzi.catania.it\/sito\/?page_id=10"},"modified":"2023-05-23T12:34:10","modified_gmt":"2023-05-23T11:34:10","slug":"la-generazione","status":"publish","type":"page","link":"https:\/\/www.andreozzi.eu\/andreozzicatania\/la-generazione\/","title":{"rendered":"1a Generazione"},"content":{"rendered":"<h3 class=\"Heading_2\" style=\"text-align: center;\"><span class=\"style\"><strong>Andreozzi Cozzolino<\/strong><\/span><\/h3>\n<div id=\"attachment_65\" style=\"width: 167px\" class=\"wp-caption alignleft\"><a href=\"http:\/\/www.andreozzi.eu\/andreozzicatania\/wp-content\/uploads\/2015\/01\/salette-2-n-155.jpg\"><img aria-describedby=\"caption-attachment-65\" decoding=\"async\" loading=\"lazy\" class=\"wp-image-65 size-full\" src=\"http:\/\/www.andreozzi.eu\/andreozzicatania\/wp-content\/uploads\/2015\/01\/salette-2-n-155.jpg\" alt=\"salette 2 n 155\" width=\"157\" height=\"273\"><\/a><p id=\"caption-attachment-65\" class=\"wp-caption-text\">via santa maria della salette n. 155<\/p><\/div>\n<div id=\"attachment_64\" style=\"width: 167px\" class=\"wp-caption alignright\"><a href=\"http:\/\/www.andreozzi.eu\/andreozzicatania\/wp-content\/uploads\/2015\/01\/salette-1-n-46.jpg\"><img aria-describedby=\"caption-attachment-64\" decoding=\"async\" loading=\"lazy\" class=\"wp-image-64 size-full\" src=\"http:\/\/www.andreozzi.eu\/andreozzicatania\/wp-content\/uploads\/2015\/01\/salette-1-n-46.jpg\" alt=\"salette 1 n 46\" width=\"157\" height=\"243\"><\/a><p id=\"caption-attachment-64\" class=\"wp-caption-text\">via santa maria della salette n. 46<\/p><\/div>\n<p class=\"Heading_2\"><img decoding=\"async\" loading=\"lazy\" class=\" size-medium wp-image-60 aligncenter\" src=\"http:\/\/www.andreozzi.eu\/andreozzicatania\/wp-content\/uploads\/2015\/01\/Andreozzi-Cozzolino-11--221x300.jpg\" alt=\"Andreozzi Cozzolino 11\" width=\"221\" height=\"300\" srcset=\"https:\/\/www.andreozzi.eu\/andreozzicatania\/wp-content\/uploads\/2015\/01\/Andreozzi-Cozzolino-11--221x300.jpg 221w, https:\/\/www.andreozzi.eu\/andreozzicatania\/wp-content\/uploads\/2015\/01\/Andreozzi-Cozzolino-11-.jpg 259w\" sizes=\"(max-width: 221px) 100vw, 221px\" \/><\/p>\n<p class=\"Heading_2\">\n<p class=\"Body_Small\" style=\"text-align: center;\"><span class=\"style_1\">Nicola<\/span><span class=\"style\"><br \/>\n<\/span><\/p>\n<p class=\"Body_Small\" style=\"text-align: center;\"><span class=\"style_1\">Aurelio<\/span><span class=\"style\"><br \/>\n<\/span><\/p>\n<p class=\"Body_Small\" style=\"text-align: center;\"><span class=\"style_1\">Teresa<\/span><span class=\"style\"><br \/>\n<\/span><\/p>\n<p class=\"Body_Small\" style=\"text-align: center;\"><span class=\"style_1\">Maurizio<\/span><span class=\"style\"><br \/>\n<\/span><\/p>\n<p class=\"Body_Small\" style=\"text-align: center;\"><span class=\"style_1\">Felice<br \/>\n<\/span><\/p>\n<p class=\"Body_Small\" style=\"text-align: center;\"><span class=\"style_1\">Gelsomina<br \/>\n<\/span><\/p>\n<p>&nbsp;<\/p>\n<p class=\"Body\" style=\"text-align: justify;\"><span style=\"color: #ff9900;\"><strong><span class=\"style_2\">Nicola (18 Dicembre 1901 &#8211; 1 Febbraio 1970)<\/span><\/strong><\/span><span class=\"style_3\"><br \/>\n<\/span><\/p>\n<p class=\"Body\" style=\"text-align: justify;\"><span class=\"style_3\">dopo impieghi di apprendistato nel settore dell\u2019abbigliamento, il 24 Febbraio 1935 inaugura il negozio ARBITER, in viale San Martino a Messina<\/span><span class=\"style_2\"><br \/>\n<\/span><\/p>\n<p class=\"Body\" style=\"text-align: justify;\"><span style=\"color: #ff9900;\"><strong><span class=\"style_2\">Aurelio (11 Dicembre 1903 &#8211; 16 Settembre 1981)<\/span><\/strong><\/span><span class=\"style_4\"><br \/>\n<\/span><\/p>\n<p class=\"paragraph_style_1\" style=\"text-align: justify;\"><span class=\"style_5\">dal 1 Agosto 1925 al 31 Gennaio del 1969 lavora presso il Laboratorio di Chimica Clinica e Microbiologia della Clinica Medica dell\u2019Universit\u00e0 di Catania con i Maestri Maurizio Ascoli, Luigi Ferrannini, Giovanni Di Guglielmo, Luigi Condorelli e Antonino Francaviglia. Dal 1953 la sua qualifica fu <\/span><span class=\"style_6\">Direttore Tecnico del Laboratorio della Clinica Medica dell\u2019Universit\u00e0 di Catania<\/span><span class=\"style_5\">. Il 2 Giugno 1953 \u00e8 stato insignito dell&#8217;onorificienza di Cavaliere dell&#8217;Ordine della Repubblica.<\/span><span class=\"style_2\"><br \/>\n<\/span><\/p>\n<p class=\"Body\" style=\"text-align: justify;\"><span class=\"style_2\"><span style=\"color: #ff9900;\"><strong>Teresa (7 Marzo 1906 &#8211; 23 Ottobre 1998)<\/strong><\/span><br \/>\n<\/span><\/p>\n<p class=\"Body\" style=\"text-align: justify;\"><span class=\"style_3\">rimasta nubile, visse sempre con i genitori e la sorella Gelsomina; per contribuire al sostentamento della famiglia durante la seconda guerra mondiale accett\u00f2 di subentrare al fratello Maurizio (in guerra) nell\u2019impiego presso la Societ\u00e0 Generale per l\u2019Elettricit\u00e0 Siciliana. Mantenne il ruolo anche dopo la guerra e passo alle dipendenze dell\u2019ENEL sino alla pensione. Si dedic\u00f2 anima e corpo ai nipoti.<\/span><span class=\"style_2\"><br \/>\n<\/span><\/p>\n<p class=\"Body\" style=\"text-align: justify;\"><span class=\"style_2\"><span style=\"color: #ff9900;\"><strong>Maurizio (25 Dicembre 1909 &#8211; 8 Luglio 1998)<\/strong><\/span><br \/>\n<\/span><\/p>\n<p class=\"Body\" style=\"text-align: justify;\"><span class=\"style_3\">dopo il diploma, un viaggio studio alla FIAT di Torino e un breve periodo di lavoro in un\u2019officina meccanica,&nbsp; nel 1928 fu assunto dalla Societ\u00e0 Generale per l\u2019Elettricit\u00e0 Siciliana. Interrompe il rapporto nel 1930 per gli obblighi di leva. dopo il congedo e un breve periodo senza lavoro la societ\u00e0 lo riassume. nel 1935 \u00e8 richiamato alle armi (periodo preparatorio alla guerra di Etiopia) sino al 1936. Rientrato al lavoro \u00e8 nuovamente richiamato per la mobilitazione prebellica del 1938-39 e, dopo brevi periodi di rientro a casa, il 25 maggio 1940 lascia Catania. Rientra nel 1946 dalla prigionia e riprende il proprio ruolo presso la SGES. Dopo la nazionalizzazione dell\u2019energia elettrica passa alle dipendenze dell\u2019ENEL dove rimane sino al 1970, anno del pensionamento e del conferimento del titolo di MAESTRO del LAVORO e consegna della relativa stella al merito. <\/span><span class=\"style_2\"><br \/>\n<\/span><\/p>\n<p class=\"Body\" style=\"text-align: justify;\"><span class=\"style_2\"><span style=\"color: #ff9900;\"><strong>Felice (30 Luglio 1911 &#8211; 27 Agosto 1948)<\/strong><\/span><br \/>\n<\/span><\/p>\n<p class=\"Body\" style=\"text-align: justify;\"><span class=\"style_3\">Dopo il diploma espresse subito interesse per l\u2019attivit\u00e0 sartoriale, tenendo due rinomate botteghe in Catania. di salute cagionevole, le sue condizioni si aggravarono durante i richiami militari e venne congedato per motivi di salute. <\/span><span class=\"style_2\"><br \/>\n<\/span><\/p>\n<p class=\"Body\" style=\"text-align: justify;\"><span style=\"color: #ff9900;\"><strong><span class=\"style_2\">Gelsomina (6 Febbraio 1915 &#8211; 2007)<\/span><\/strong><\/span><span class=\"style_3\"><br \/>\n<\/span><\/p>\n<p class=\"Body\" style=\"text-align: justify;\"><span class=\"style_3\">Spos\u00f2 nel 1939 Ernesto Micheli, sottufficiale dell\u2019Aeronautica Militare in servizio a Fontanarossa (Catania). Si \u00e8 dedicata totalmente ai figli, al marito e all\u2019anziana mamma.<br \/>\n<\/span><\/p>\n<p class=\"Body\" style=\"text-align: justify;\"><span style=\"color: #ff9900;\"><strong><span class=\"style_2\">Note<\/span><\/strong><\/span><span class=\"style_3\"><br \/>\n<\/span><\/p>\n<p class=\"Body\" style=\"text-align: justify;\"><span class=\"style_3\">Il primogenito fu Maurizio (nome del pap\u00e0 di Luigi), nato il 24 Maggio del 1900, ma mor\u00ec il 16 Settembre del 1906, quando erano gi\u00e0 nati Nicola (nome del pap\u00e0 di Nunziata Cozzolino, Aurelio e Teresa (nome della mamma di Luigi).<br \/>\n<\/span><\/p>\n<p class=\"Body\" style=\"text-align: justify;\"><span class=\"style_3\">Emma \u00e8 la seconda femminuccia degli Andreozzi &#8211; Cozzolino, nata il 5 Novembre 1907 e morta il 3 Maggio 1909<\/span><\/p>\n","protected":false},"excerpt":{"rendered":"<p>Andreozzi Cozzolino Nicola Aurelio Teresa Maurizio Felice Gelsomina &nbsp; Nicola (18 Dicembre 1901 &#8211; 1 Febbraio 1970) dopo impieghi di apprendistato nel settore dell\u2019abbigliamento, il 24 Febbraio 1935 inaugura il negozio ARBITER, in viale San Martino a Messina Aurelio (11 Dicembre 1903 &#8211; 16 Settembre 1981) dal 1 Agosto 1925 al 31 Gennaio del 1969 &hellip; <\/p>\n<p><a class=\"more-link block-button\" href=\"https:\/\/www.andreozzi.eu\/andreozzicatania\/la-generazione\/\">Continua a leggere &raquo;<\/a><\/p>\n","protected":false},"author":1,"featured_media":0,"parent":0,"menu_order":2,"comment_status":"closed","ping_status":"open","template":"","meta":[],"_links":{"self":[{"href":"https:\/\/www.andreozzi.eu\/andreozzicatania\/wp-json\/wp\/v2\/pages\/10"}],"collection":[{"href":"https:\/\/www.andreozzi.eu\/andreozzicatania\/wp-json\/wp\/v2\/pages"}],"about":[{"href":"https:\/\/www.andreozzi.eu\/andreozzicatania\/wp-json\/wp\/v2\/types\/page"}],"author":[{"embeddable":true,"href":"https:\/\/www.andreozzi.eu\/andreozzicatania\/wp-json\/wp\/v2\/users\/1"}],"replies":[{"embeddable":true,"href":"https:\/\/www.andreozzi.eu\/andreozzicatania\/wp-json\/wp\/v2\/comments?post=10"}],"version-history":[{"count":11,"href":"https:\/\/www.andreozzi.eu\/andreozzicatania\/wp-json\/wp\/v2\/pages\/10\/revisions"}],"predecessor-version":[{"id":414,"href":"https:\/\/www.andreozzi.eu\/andreozzicatania\/wp-json\/wp\/v2\/pages\/10\/revisions\/414"}],"wp:attachment":[{"href":"https:\/\/www.andreozzi.eu\/andreozzicatania\/wp-json\/wp\/v2\/media?parent=10"}],"curies":[{"name":"wp","href":"https:\/\/api.w.org\/{rel}","templated":true}]}}